{"id":5031,"date":"2025-10-31T14:31:41","date_gmt":"2025-10-31T14:31:41","guid":{"rendered":"https:\/\/smokebroker.ch\/?page_id=5031"},"modified":"2025-12-26T16:54:02","modified_gmt":"2025-12-26T16:54:02","slug":"agb","status":"publish","type":"page","link":"https:\/\/smokebroker.ch\/fr\/agb\/","title":{"rendered":"Conditions g\u00e9n\u00e9rales"},"content":{"rendered":"<p>1. Geltung der AGB und Vertragsabschluss<\/p>\n\n\n\n<p>1.1 Diese allgemeinen Gesch\u00e4ftsbedingungen (AGB) gelten f\u00fcr Kaufvertr\u00e4ge mit Privatkunden und Unternehmen, die \u00fcber die Webseite http:\/\/www.smokebroker.ch abgeschlossen werden. Durch den Besuch und die Nutzung unserer Website, durch eine Bestellung auf unserer Website, und\/oder durch die Best\u00e4tigung per E-Mail, Post oder Telefon, erkl\u00e4ren Sie ausdr\u00fccklich, dass Sie diese AGB und die Datenschutzerkl\u00e4rung gelesen haben und akzeptieren. Durch Setzen des H\u00e4kchens am Schluss des Bestellvorganges unter \u201ePr\u00fcfen &amp; Bestellen\u201c best\u00e4tigen Sie, die Geltung der AGB sowie der Datenschutzerkl\u00e4rung gelesen zu haben. Sie erkl\u00e4ren sich einverstanden, an diese AGB und an die Datenschutzerkl\u00e4rung gebunden zu sein und schliessen somit mit MMedics GmbH, einer Gesellschaft registriert in der Schweiz mit Sitz in M\u00fcllheim TG mit der UID-Nr.&nbsp;<a href=\"https:\/\/www.uid.admin.ch\/Detail.aspx?uid_id=CHE388935167\">CHE-388.935.167<\/a>&nbsp;einen Vertrag.<\/p>\n\n\n\n<p><strong>Das Angebot auf dieser Webseite richtet sich ausschliesslich an Kunden mit Schweizer Wohnsitz die \u00fcber 18 Jahre alt sind. Durch die verbindliche Bestellung unserer Produkte erkl\u00e4ren Sie, dass Sie handlungsf\u00e4hig und mindestens 18 Jahre alt sind.<\/strong><\/p>\n\n\n\n<p>1.2<\/p>\n\n\n\n<p>Die Bestellung wird vom Anbieter mittels einer automatischen Eingangsbest\u00e4tigung best\u00e4tigt. Diese automatisch versandte E-Mail dient lediglich Ihrer Information \u00fcber die erfolgreiche Daten\u00fcbermittlung. Sie stellt keinen verbindlichen Vertrag dar und gilt noch nicht als Annahme Ihrer Bestellung. Die Annahme (Vertragsabschluss) erfolgt erst durch die Versendung der Ware durch MMedics GmbH.<\/p>\n\n\n\n<p>2. Jugendschutz<\/p>\n\n\n\n<p>2.1 <strong>Unsere Produkte werden ausschliesslich an vollj\u00e4hrige Personen (ab 18 Jahren) mit Wohnsitz in der Schweiz verkauft und versendet. Mit Aufgabe einer Bestellung versichern Sie, dass Sie diese Voraussetzungen erf\u00fcllen. Zahlungen, die im Widerspruch zu unseren AGB geleistet wurden, werden nicht zur\u00fcckerstattet. Sollte sich nachtr\u00e4glich herausstellen, dass eine Bestellung durch eine minderj\u00e4hrige Person erfolgt ist, gilt diese als ung\u00fcltig, und MMedics haftet nicht f\u00fcr die durch falsche Altersangaben entstandenen Folgen.<\/strong><\/p>\n\n\n\n<p>2.2 Wir behalten uns vor, Altersnachweise einzufordern, sowohl im Bestellprozess als auch bei Lieferung und Abholung.<\/p>\n\n\n\n<p>2.3 Eine Weitergabe der Produkte an Minderj\u00e4hriger ist untersagt.<\/p>\n\n\n\n<p><strong>3. Preise und Sonderangebote<\/strong><\/p>\n\n\n\n<p>3.1 Die Preise verstehen sich, falls nicht anders vereinbart, in Schweizer Franken exkl. MWST.<\/p>\n\n\n\n<p>3.2 Der Anbieter beh\u00e4lt sich das Recht vor, die Preise jederzeit zu \u00e4ndern. Massgeblich sind die in der per E-Mail, Brief oder Fax versandten Bestellbest\u00e4tigung genannten Preise. Liegen diese Preise \u00fcber denjenigen zum Zeitpunkt der Bestellung, gelten letztere. Bei Lieferverz\u00f6gerungen oder Besorgungen gilt der Tagespreis am Bestelltag.<\/p>\n\n\n\n<p>3.3 Allf\u00e4llige Bedingungen f\u00fcr Aktionen und Rabatte sind bei den betreffenden Informationen abrufbar.<\/p>\n\n\n\n<p><strong>4. Lieferbedingungen<\/strong><\/p>\n\n\n\n<p>Achtung:\u00a0Wir liefern nur innerhalb der Schweiz.<\/p>\n\n\n\n<p>Lieferung in die ganze Schweiz<\/p>\n\n\n\n<p>Der Versand erfolgt zu den bei Abschluss der Bestellung angegebenen Preise an Adressen in der Schweiz. Wir versenden alle Bestellungen per Priority-Dienst der Schweizerischen Post.<\/p>\n\n\n\n<p>4.1 Lieferkosten gehen \u2013 wenn nichts anderes erw\u00e4hnt \u2013 grunds\u00e4tzlich zu Lasten des Bestellers und sind nicht im Kaufpreis inbegriffen. Die Versandkostenpauschale f\u00e4llt grunds\u00e4tzlich einmalig pro Bestellung an und wird im Warenkorb ausgewiesen. Ab einem Warenwert gem\u00e4ss Beschriftung bei Bestellung entfallen die Versandkosten.<\/p>\n\n\n\n<p>4.2 Wir k\u00f6nnen unsere Produkte nur zwischen Montag und Freitag liefern (ausgenommen gesetzliche und \u00f6ffentliche Feiertage). An der Lieferadresse muss eine Person \u00fcber 18 Jahre anwesend sein, wenn das Produkt geliefert wird. Sobald Sie eine Bestellung abgeschickt haben, k\u00f6nnen Sie die Lieferanschrift nicht mehr \u00e4ndern. Falls Sie eine \u00c4nderung der Lieferadresse nach dem Abschicken einer Bestellung vornehmen m\u00f6chten, kontaktieren Sie uns bitte so bald wie m\u00f6glich telefonisch unter +41 44 431 22 00.<\/p>\n\n\n\n<p>4.3 Das voraussichtliche Lieferdatum eines Produkts h\u00e4ngt davon ab, ob das Produkt an Lager ist und von der Lieferadresse, die Sie uns gegeben haben. Es ist auch abh\u00e4ngig davon, ob Ihre Zahlung bei uns eingegangen ist. Auch wenn wir uns bem\u00fchen, sicher zu stellen, dass die Produkte an ihrem voraussichtlichen Lieferdatum geliefert werden, stellt dieses Datum keinen verbindlichen Termin dar und wir k\u00f6nnen nicht garantieren, dass die Lieferung tats\u00e4chlich an diesem Tag erfolgt.<\/p>\n\n\n\n<p>4.4 Sie m\u00fcssen uns vor dem vereinbarten Liefertermin informieren, falls es bei Ihnen bestimmte Gegebenheiten gibt, die f\u00fcr die Lieferung relevant sind. Dies sind ohne Ausnahme alle Faktoren, die sich auf den Zugang beziehen: Auf dem Weg zu Ihrer Lieferanschrift (z.B. tiefe Br\u00fccken, enge Strassen usw.) und\/oder an Ihrer Lieferanschrift selber (z.B. kleine T\u00fcren, schmale Durchg\u00e4nge, Stufen, usw.). Bitte \u00fcberlegen Sie genau, ob es bei Ihnen solche Faktoren gibt. &nbsp;Wir \u00fcbernehmen keine Liefergew\u00e4hr f\u00fcr F\u00e4lle, in welchen die Anlieferung erschwert ist, sofern diese nicht vorg\u00e4ngig mit uns koordiniert wurden.<\/p>\n\n\n\n<p>4.5 Sie k\u00f6nnen verpflichtet werden, zus\u00e4tzliche Liefergeb\u00fchren zu zahlen, wenn<\/p>\n\n\n\n<ul class=\"wp-block-list\">\n<li>Es uns nicht m\u00f6glich ist, eine Lieferung abzuschliessen, da am Tag der Lieferung keine Person \u00fcber 18 Jahre an der Lieferadresse anwesend ist, um das Produkt entgegenzunehmen;<\/li>\n\n\n\n<li>Sie versuchen die Lieferadresse zu \u00e4ndern, nachdem das Paket schon an Sie versendet wurde; und\/oder;<\/li>\n\n\n\n<li>Sie es vers\u00e4umen, uns \u00fcber besondere Gegebenheiten, die wichtig f\u00fcr die Lieferung sind, in Kenntnis zu setzen<\/li>\n<\/ul>\n\n\n\n<p>Auch wenn wir uns sehr bem\u00fchen, k\u00f6nnen wir eine erfolgreiche Lieferung nicht garantieren, und wir behalten uns das Recht vor, nach unserem alleinigen Ermessen von der Auslieferung des Produkts zu einer bestimmten Adresse innerhalb eines Geb\u00e4udes an der Lieferadresse zur\u00fcckzutreten.<\/p>\n\n\n\n<p>Nutzen und Gefahr gehen mit der \u00dcbergabe der Ware an das Transportunternehmen auf den Besteller \u00fcber. Bei Franko-Lieferung erfolgt der \u00dcbergang von Nutzen und Gefahr mit der \u00dcbergabe der Ware an den Besteller. Nach dem Gefahr\u00fcbergang sind Sie verantwortlich f\u00fcr die Versicherung und Sicherheit der Ware.<\/p>\n\n\n\n<p>Der Besteller hat gelieferte Ware unverz\u00fcglich auf Transportsch\u00e4den zu pr\u00fcfen und solche Sch\u00e4den innert 48 Stunden dem Transportunternehmen und dem Anbieter zu melden.<\/p>\n\n\n\n<p>Das Vers\u00e4umnis einer fristgerechten Meldung kann zu Einschr\u00e4nkungen von Ersatzanspr\u00fcchen f\u00fchren.<\/p>\n\n\n\n<p>F\u00fcr Lieferverz\u00f6gerungen oder -ausf\u00e4lle, die ausserhalb des Einflussbereichs des Anbieters liegen (h\u00f6here Gewalt, St\u00f6rungen im Transportwesen etc.), wird keine Haftung \u00fcbernommen.<\/p>\n\n\n\n<p>4.6 F\u00fcr Gesch\u00e4ftskunden\/ Unternehmen geltend abweichende Liefer- und Zahlungsbedingungen.<\/p>\n\n\n\n<p>Lieferungen erfolgen nach aktuellen Lagerbest\u00e4nden. Sollte der Lagerbestand nicht ausreichen, wird der Anbieter den Besteller umgehend kontaktieren und ein neues Lieferdatum mitteilen.<\/p>\n\n\n\n<p><strong>5. Widerrufsrecht \/ Geld-zur\u00fcck-Garantie<\/strong><\/p>\n\n\n\n<p>5.1 Unsere Angebote sind auf der Website http:\/\/www.smokebroker.ch ausf\u00fchrlich und transparent beschrieben. Der Besteller kann sich \u00fcber diese ausf\u00fchrlich und ohne Zeitdruck informieren.<\/p>\n\n\n\n<p>5.2 Sobald wir die Ware zur\u00fcckerhalten, erstatten wir Ihnen den Kaufpreis zur\u00fcck. Sie haben grunds\u00e4tzlich die Kosten der R\u00fccksendung zu tragen, wenn die gelieferte Ware der urspr\u00fcnglich bestellten entspricht. Die R\u00fcckzahlung erfolgt sp\u00e4testens innerhalb von 14 Tagen nach Eingang des Widerrufs, auf das von Ihnen angegebene Zahlungsmittel.<\/p>\n\n\n\n<p>5.3 F\u00fcr Gesch\u00e4ftskunden\/ Unternehmen gilt kein Widerrufsrecht. Die Vertragsannahme ist verbindlich, eine R\u00fcckgabe oder Stornierung ist nur nach individueller Vereinbarung mit dem Anbieter m\u00f6glich.<\/p>\n\n\n\n<p><strong>6. Gew\u00e4hrleistung<\/strong><\/p>\n\n\n\n<p>6.1 Der Besteller hat die gelieferte Ware so rasch wie m\u00f6glich zu pr\u00fcfen und M\u00e4ngel unverz\u00fcglich zu melden. Geheime M\u00e4ngel k\u00f6nnen auch nach Inbetriebnahme bzw. Verwendung der Ware noch beanstandet werden. Die Leistung von Zahlungen gilt nicht als Verzicht auf M\u00e4ngelr\u00fcge.<\/p>\n\n\n\n<p>6.2 Liegt ein Mangel vor, so hat der Besteller die Wahl, unentgeltliche Nachbesserung zu verlangen, einen dem Minderwert entsprechenden Abzug vom Preis zu machen, vom Vertrag zur\u00fcckzutreten oder Ersatzlieferung zu erlangen. Das Recht des Bestellers, Schadenersatz zu verlangen, bleibt in allen F\u00e4llen vorbehalten.<\/p>\n\n\n\n<p>6.3 Von der Gew\u00e4hrleistung ausgeschlossen sind insbesondere:<\/p>\n\n\n\n<ul class=\"wp-block-list\">\n<li>s\u00e4mtliche Zubeh\u00f6rartikel,<\/li>\n\n\n\n<li>Verdampfer, Liquids und Einweg-Zigaretten,<\/li>\n\n\n\n<li>sowie normale Abnutzung der Produkte.<\/li>\n<\/ul>\n\n\n\n<p>Ebenso ausgeschlossen sind Sch\u00e4den oder M\u00e4ngel, die durch unsachgem\u00e4sse Handhabung, Besch\u00e4digung durch den Besteller oder Dritte oder durch \u00e4ussere Einfl\u00fcsse entstanden sind.<\/p>\n\n\n\n<p><strong>7. Zahlung<\/strong><\/p>\n\n\n\n<p><strong>7.1 Vorauskasse<\/strong><br>Sie k\u00f6nnen auf dem Bestellformular die Option &#8220;Vorkasse&#8221; w\u00e4hlen und uns den Betrag in CHF nach Auftragsbest\u00e4tigung auf unser Konto \u00fcberweisen. Bitte \u00fcberweisen Sie unter Angabe Ihrer Auftragsnummer den in Ihrer Bestellbest\u00e4tigung aufgef\u00fchrten Betrag in der entsprechenden W\u00e4hrung auf unser nachfolgendes Konto. Geb\u00fchren gehen zu Lasten des Bestellers:<\/p>\n\n\n\n<p>Beg\u00fcnstigte: MMedics GmbH<br>Bank: Thurgauer Kantonalbank<br>Swift\/BIC: KBTGCH22<br>IBAN: CH96 0078 4298 1121 6200 1<\/p>\n\n\n\n<p>Nach Eingang Ihrer Zahlung wird die bestellte Ware versandt.<\/p>\n\n\n\n<p><strong>7.2 Rechnung<br><\/strong>Die Bezahlung auf Rechnung ist auf http:\/\/www.smokebroker.ch m\u00f6glich. Jede Rechnung ist innert 30 Tagen f\u00e4llig. Bei Zahlungsverzug schuldet der Besteller ohne weitere Mahnung den gesetzlichen Verzugszins und hat zus\u00e4tzlich f\u00fcr s\u00e4mtliche Inkassokosten von MMedics GmbH aufzukommen. Ab der zweiten Mahnung werden Mahngeb\u00fchren von CHF 20.- erhoben.<\/p>\n\n\n\n<p>7.3 Sofern mit Ihnen keine Anzahlung f\u00fcr eine Bestellung eines\/mehrerer Produkte\/s vereinbart wurde, bei der Sie die Differenz des Kaufpreises der\/des bestellten Produkte\/s zu einem sp\u00e4teren Zeitpunkt bezahlen (der auf der Website angezeigt wird oder Ihnen am Telefon bei der Aufgabe der Bestellung mitgeteilt wird), m\u00fcssen Sie bei allen Bestellungen die Zahlung des vollen Kaufpreises f\u00fcr das bestellte Produkte\/die bestellten Produkte leisten. Wir werden \u2013 wenn nichts anderes vereinbart wurde &#8211; das\/die bestellte\/n Produkt\/e nicht eher versenden, bis wir die Zahlung vollst\u00e4ndig erhalten haben. Bei Bank\u00fcberweisungen m\u00fcssen die Spesen vollumf\u00e4nglich zu Lasten des Senders gehen.<\/p>\n\n\n\n<p>7.4 Falls aus irgendeinem Grund eine Zahlung zur\u00fcckgewiesen wird, nachdem wir unser\/e Produkt\/e bereits versendet haben, haben wir das Recht, die Zahlung von Ihnen einzufordern oder das\/die entsprechende\/n Produkt\/e von Ihnen zur\u00fcckzufordern. Wir k\u00f6nnen Ihnen Geb\u00fchren f\u00fcr unsere Kosten berechnen, die dabei entstehen, das\/die Produkt\/e zur\u00fcckzuerhalten, oder auf weiteren Zahlungen bestehen.<\/p>\n\n\n\n<p>7.5 F\u00fcr Gesch\u00e4ftskunden betr\u00e4gt die Zahlungsfrist 10 Tage ab Rechnungsstellung, sofern keine andere Vereinbarung getroffen wurde.<\/p>\n\n\n\n<p><strong>8. Haftung f\u00fcr die Online-Verbindungen<\/strong><\/p>\n\n\n\n<p>8.1 Der Anbieter verpflichtet sich, in Systemen, Programmen usw., die ihm geh\u00f6ren und auf die er Einfluss hat, f\u00fcr Sicherheit nach aktuellem technischem Stand zu sorgen sowie die Regeln des Datenschutzes zu befolgen.<\/p>\n\n\n\n<p>8.2 Die Besteller haben f\u00fcr die Sicherheit der Systeme, Programme und Daten zu sorgen, die sich in ihrem Einflussbereich befinden. Die Besteller sollten in eigenem Interesse Passw\u00f6rter und Benutzernamen gegen\u00fcber Dritten geheim halten.<\/p>\n\n\n\n<p>8.3 Der Anbieter haftet nicht f\u00fcr M\u00e4ngel und St\u00f6rungen, die er nicht zu vertreten hat, vor allem nicht f\u00fcr Sicherheitsm\u00e4ngel und Betriebsausf\u00e4lle von Drittunternehmen, mit denen er zusammenarbeitet oder von denen er abh\u00e4ngig ist.<\/p>\n\n\n\n<p>8.4 Weiter haftet der Anbieter nicht f\u00fcr h\u00f6here Gewalt, unsachgem\u00e4sses Vorgehen und Missachtung der Risiken seitens des Bestellers oder Dritter, \u00fcberm\u00e4ssige Beanspruchung, ungeeignete Betriebsmittel des Bestellers oder Dritter, extreme Umgebungseinfl\u00fcsse, Eingriffe des Kunden oder St\u00f6rungen durch Dritte (Viren, W\u00fcrmer usw.), die trotz der notwendigen aktuellen Sicherheitsvorkehrungen passieren.<\/p>\n\n\n\n<p><strong>9. Ihr Account und Passwort<\/strong><\/p>\n\n\n\n<p>9.1 Um Zugriff auf bestimmte Funktionen unserer Website zu haben und\/oder um eine Bestellung aufzugeben, werden Sie dazu aufgefordert, sich bei uns zu registrieren und ein Kundenkonto (\u00ab Account\u00bb)zu erstellen. Um dies zu tun, m\u00fcssen Sie ein Passwort erstellen, uns bestimmte personenbezogene Daten, einschliesslich Ihres Namens und Ihrer E-Mail-Adresse und alle weiteren Einzelheiten (zum Beispiel Ihre Postleitzahl), geben, die wir im Zuge des Registrierungsprozesses ben\u00f6tigen. Mit der Registrierung erkl\u00e4ren Sie sich damit einverstanden, dass Ihre personenbezogenen Daten entsprechend unserer Datenschutzerkl\u00e4rung verarbeitet werden.. Wenn Sie den Allgemeinen Gesch\u00e4ftsbedingungen oder der Datenschutzerkl\u00e4rung nicht zustimmen, d\u00fcrfen Sie kein Kundenkonto erstellen und die entsprechenden Funktionen dieser Website nicht nutzen.<\/p>\n\n\n\n<p>9.2 Sie sind verantwortlich f\u00fcr die Sicherheit und die Zuverl\u00e4ssigkeit des Passworts und anderen Anmeldeinformationen Ihres Accounts. Sie \u00fcbernehmen die volle Verantwortung f\u00fcr alle Aktivit\u00e4ten auf Ihrem Account. Falls Sie Grund zur Annahme haben, dass Ihr Passwort einer anderen Person bekannt ist und\/oder dass Ihr Account ohne Ihre Autorisierung benutzt wurde, oder wahrscheinlich benutzt werden wird, sollten Sie uns sofort kontaktieren. Wir haften nicht f\u00fcr jedwede Verluste oder Sch\u00e4den, die daraus entstehen, dass Sie einen Fehler beim Schutz Ihres Passworts und\/oder der Anmeldeinformationen Ihres Accounts gemacht haben.<\/p>\n\n\n\n<p>9.3 Sie sind f\u00fcr die Richtigkeit und die Vollst\u00e4ndigkeit der uns von Ihnen zur Verf\u00fcgung gestellten personenbezogenen Daten verantwortlich und garantieren, dass diese Daten in jeder Hinsicht vollst\u00e4ndig und richtig sind. Sie erkl\u00e4ren sich damit einverstanden, uns dar\u00fcber zu informieren, sobald eine Ver\u00e4nderung dieser Daten vorliegt und auf diese dann \u00fcber Ihren Account zuzugreifen und sie zu aktualisieren.<\/p>\n\n\n\n<p><strong>10. Haftungsausschluss<\/strong><\/p>\n\n\n\n<p>10.1 Unser Grosshandel Raucherware Shop www.smokebroker.ch richtet sich ausschliesslich an Personen ab 18 Jahren. Die auf dieser Website bereitgestellten Informationen dienen ausschliesslich allgemeinen und produktbezogenen Hinweisen. Es werden keine Aussagen zu gesundheitlichen Wirkungen gemacht.. Nach Schweizer Heilmittelrecht, insbesondere der Heilmittelverordnung, sind jegliche Heilversprechen und gesundheitsbezogene Angaben zu CBD-Produkten untersagt. CBD Produkte sind keine Arzneimittel und nicht zur Heilung, Behandlung, Pr\u00e4vention, oder Diagnose von Krankheiten bestimmt. CBD kann pharmakologische Eigenschaften aufweisen Sie sind nicht als Lebensmittel oder Nahrungserg\u00e4nzungsmittel zugelassen MMedics GmbH ber\u00e4t niemand zu medizinischen Fragen und erstellt keine Diagnosen. Diese Website stellt keine Empfehlung zum Konsum von CBD oder anderen Raucherwaren dar. Wir empfehlen Ihnen das Gespr\u00e4ch mit Ihrem Vertrauensarzt, sollten Sie sich f\u00fcr die Einnahme von hochwertigen Cannabinoiden aus medizinischen Zwecken interessieren.<br>Swissmedic, das Bundesamt f\u00fcr Gesundheit, das Bundesamt f\u00fcr Lebensmittelsicherheit und Veterin\u00e4rwesen und das Bundesamt f\u00fcr Landwirtschaft haben zudem zum Thema CBD-Hanf ein Merkblatt erstellt.<\/p>\n\n\n\n<p>10.2 F\u00fcr Anspr\u00fcche aufgrund von Sch\u00e4den, die durch den Anbieter, seine gesetzlichen Vertreter oder Erf\u00fcllungsgehilfen verursacht wurden, haftet der Anbieter stets unbeschr\u00e4nkt:<\/p>\n\n\n\n<ul class=\"wp-block-list\">\n<li>bei Verletzung des Lebens, des K\u00f6rpers oder der Gesundheit,<\/li>\n\n\n\n<li>bei vors\u00e4tzlicher oder grob fahrl\u00e4ssiger Pflichtverletzung,<\/li>\n\n\n\n<li>bei Garantieversprechen, soweit vereinbart, oder<\/li>\n\n\n\n<li>soweit der Anwendungsbereich des Produkthaftungsgesetzes er\u00f6ffnet ist.<\/li>\n<\/ul>\n\n\n\n<p>Bei Verletzung wesentlicher Vertragspflichten (\u201eKardinalpflichten\u201c), deren Erf\u00fcllung die ordnungsgem\u00e4sse Durchf\u00fchrung des Vertrages \u00fcberhaupt erst erm\u00f6glicht und auf deren Einhaltung der Vertragspartner regelm\u00e4ssig vertrauen darf, haftet das Unternehmen bei leichter Fahrl\u00e4ssigkeit nur in begrenzter H\u00f6he, n\u00e4mlich auf den bei Vertragsschluss vorhersehbaren Schaden, mit dessen Entstehung typischerweise gerechnet werden muss.<\/p>\n\n\n\n<p>Im \u00dcbrigen sind Anspr\u00fcche auf Schadensersatz ausgeschlossen.&nbsp;<\/p>\n\n\n\n<p><strong>11. Lizenz<\/strong><\/p>\n\n\n\n<p>11.1 Der gesamte Inhalt der Website smokebroker.ch ist urheberrechtlich gesch\u00fctzt. Alle Rechte geh\u00f6ren der Firma MMedics GmbH oder Dritten. Die Elemente auf der Website smokebroker.ch sind nur f\u00fcr Browsing Zwecke frei zug\u00e4nglich. Jegliche Vervielf\u00e4ltigung, Verbreitung, Modifikation, Weitergabe oder \u00f6ffentliche Nutzung des Inhalts oder Teilen davon in beliebiger schriftlicher oder elektronischer Form ist nur mit ausdr\u00fccklicher, schriftlicher Zustimmung der Firma MMedics GmbH gestattet. Das Reproduzieren, \u00dcbermitteln, Modifizieren, Verkn\u00fcpfen oder Benutzen der Website smokebroker.ch f\u00fcr \u00f6ffentliche oder kommerzielle Zwecke ist ohne vorherige schriftliche Zustimmung von MMedics GmbH untersagt.<\/p>\n\n\n\n<p>11.2 Die verschiedenen Namen und Logos auf der Website smokebroker.ch sind in der Regel eingetragene, gesch\u00fctzte Marken. Kein Bestandteil der Website smokebroker.ch ist so konzipiert, dass dadurch eine Lizenz oder ein Recht zur Nutzung eines Bildes, einer eingetragenen Marke oder eines Logos einger\u00e4umt wird. Durch ein Herunterladen oder Kopieren der Website smokebroker.ch oder Teilen davon werden keinerlei Rechte hinsichtlich Software oder Elementen auf der Website smokebroker.ch \u00fcbertragen. MMedics GmbH beh\u00e4lt sich s\u00e4mtliche Rechte hinsichtlich aller Elemente auf der Website smokebroker.ch, mit Ausnahme der Dritten geh\u00f6renden Rechte, vor.<\/p>\n\n\n\n<p>11.3 Jegliche automatisierte Datenerhebung, Data Mining, Scraping oder sonstige Massendatenauswertung der Inhalte, Produkte oder Nutzerinformationen dieser Website durch Dritte ist untersagt.<\/p>\n\n\n\n<p>Verst\u00f6sse k\u00f6nnen zivil- und strafrechtlich verfolgt werden.<\/p>\n\n\n\n<p><strong>12. Verwendungszweck der Waren \u2013 Pflichten des Kunden \u2013 Haftung<\/strong><\/p>\n\n\n\n<p>12.1 Soweit eine Lieferung bestimmter Produkte von Angaben zum Verwendungszweck abh\u00e4ngig gemacht wird, haftet der Besteller f\u00fcr alle Nachteile oder Kosten, die dem Anbieter aus falschen oder unzutreffenden Angaben entstehen. Bei Stoffen, deren Verwendung nur im Rahmen gesetzlicher oder beh\u00f6rdlicher Vorschriften erfolgen darf, gilt die Bestellung des Bestellers gleichzeitig als Erkl\u00e4rung, dass diese Stoffe ausschliesslich f\u00fcr einen gesetzlich erlaubten Zweck verwendet werden.<br>Cannabis-Bl\u00fcten unterliegen der Besteuerung als Tabakersatzprodukte durch die Eidgen\u00f6ssische Zollverwaltung EZV.&nbsp;Besteller sind verpflichtet, die entsprechenden gesetzlichen Vorgaben einzuhalten.<\/p>\n\n\n\n<p><strong>13. Datenschutz<\/strong><\/p>\n\n\n\n<p>13.1 <br>(a) Bei der Bearbeitung von Informationen des Bestellers (im Folgenden \u201eKundendaten\u201c) tritt der Anbieter als Auftragsbearbeiter auf. Eigent\u00fcmer der Kundendaten ist stets der Besteller.<\/p>\n\n\n\n<p>(b) Das Unternehmen verpflichtet sich, die Kundendaten ausschliesslich im Auftrag des Bestellers und gem\u00e4ss den Bestimmungen des schweizerischen Datenschutzgesetzes (DSG) sowie allen gegebenenfalls anwendbaren Spezialgesetzen (z.\u202fB. Berufsgeheimnis, Bankenaufsicht, Fernmeldegesetz) zu verarbeiten.<\/p>\n\n\n\n<p>(c) Zur Bearbeitung der Kundendaten kann der Anbieter qualifizierte Dritte beauftragen, wobei weiterhin die Einhaltung der Datenschutzbestimmungen sicherzustellen ist.<\/p>\n\n\n\n<p>(d) Der Besteller kann die Herausgabe s\u00e4mtlicher Kundendaten jederzeit verlangen. Auf schriftliche Anforderung kann der Besteller die L\u00f6schung aller Kundendaten durch das Unternehmen verlangen, soweit gesetzliche Aufbewahrungspflichten dem nicht entgegenstehen.<\/p>\n\n\n\n<p>13.2 Die Erhebung und Verarbeitung personenbezogener Daten durch den Anbieter ist ausf\u00fchrlich in der Datenschutzerkl\u00e4rung erl\u00e4utert.<\/p>\n\n\n\n<p>Die Datenschutzerkl\u00e4rung ist integrierter Bestandteil dieser AGB.<\/p>\n\n\n\n<p>Sie ist unter folgendem Link abrufbar: <a href=\"https:\/\/smokebroker.ch\/fr\/pages\/datenschutz\/\">https:\/\/smokebroker.ch\/pages\/datenschutz<\/a><\/p>\n\n\n\n<p><strong>14. Schlussbestimmungen<\/strong><\/p>\n\n\n\n<p>14.1 Sollten einzelne Bestimmungen dieser AGB ganz oder teilweise unwirksam oder undurchf\u00fchrbar sein oder werden, bleibt die Wirksamkeit der \u00fcbrigen Bestimmungen unber\u00fchrt.<\/p>\n\n\n\n<p>Die unwirksame Bestimmung ist durch eine solche zu ersetzen, die dem wirtschaftlichen Zweck der unwirksamen Regelung am n\u00e4chsten kommt.<\/p>\n\n\n\n<p>14.2 Der Anbieter beh\u00e4lt sich das Recht vor, diese AGB jederzeit zu \u00e4ndern.<\/p>\n\n\n\n<p>Massgeblich ist jeweils die zum Zeitpunkt der Bestellung g\u00fcltige Version.<br>Kundinnen und Kunden werden gebeten, die AGB regelm\u00e4ssig einzusehen.&nbsp;<\/p>\n\n\n\n<p>14.3 Alle \u00c4nderungen oder Erg\u00e4nzungen dieser AGB bed\u00fcrfen einer nachweisbaren Textform, beispielsweise per E-Mail oder Brief. Dies gilt auch f\u00fcr eine \u00c4nderung des Schriftformerfordernisses.<\/p>\n\n\n\n<p>Sobald der Besteller nach der \u00c4nderung Leistungen des Anbieters in Anspruch nimmt, gilt die Zustimmung zu den ge\u00e4nderten AGB als konkludent erteilt.<\/p>\n\n\n\n<p>Die jeweils verbindliche Fassung der AGB ist jederzeit unter folgendem Link einseh- und ausdruckbar: https:\/\/smokebroker.ch\/pages\/agb<\/p>\n\n\n\n<p>14.4 Abweichende oder erg\u00e4nzende Vertragsbedingungen des Bestellers, auch wenn diese zusammen mit der Vertragsannahme f\u00fcr anwendbar erkl\u00e4rt werden, werden nicht Vertragsbestandteil.<\/p>\n\n\n\n<p>Solche Bedingungen gelten nur, wenn sie vom Anbieter ausdr\u00fccklich und schriftlich akzeptiert wurden.<\/p>\n\n\n\n<p>14.5 Gesetzliche Anspr\u00fcche des Bestellers, die nicht ausgeschlossen oder eingeschr\u00e4nkt werden k\u00f6nnen, bleiben von diesen AGB unber\u00fchrt.<\/p>\n\n\n\n<p><strong>16. Rechtsanwendung und Gerichtsstand<\/strong><\/p>\n\n\n\n<p>16.1 F\u00fcr Verbraucher gilt das Recht des Gerichtsstandes M\u00fcllheim Dorf im Kantons Thurgau.<br>F\u00fcr Gesch\u00e4ftskunden gilt\u00a0 Schweizer Recht, namentlich die Regelungen des OR.<\/p>\n\n\n\n<p>16.2 F\u00fcr Konsumenten aus der Schweiz ist das Gericht am Wohnsitz oder Sitz einer der Parteien zust\u00e4ndig. F\u00fcr Klagen des Anbieters ist das Gericht am Wohnsitz der beklagten Partei zust\u00e4ndig. F\u00fcr Gesch\u00e4ftskunden gilt als Gerichtsstand der Sitz des Anbieters oder der Sitz der Kundenfirma.<\/p>\n\n\n\n<p>31.10.2025, 8555 M\u00fcllheim<\/p>","protected":false},"excerpt":{"rendered":"<p>1. Geltung der AGB und Vertragsabschluss 1.1 Diese allgemeinen Gesch\u00e4ftsbedingungen (AGB) gelten f\u00fcr Kaufvertr\u00e4ge mit Privatkunden und Unternehmen, die \u00fcber die Webseite http:\/\/www.smokebroker.ch abgeschlossen werden. Durch den Besuch und die Nutzung unserer Website, durch eine Bestellung auf unserer Website, und\/oder durch die Best\u00e4tigung per E-Mail, Post oder Telefon, erkl\u00e4ren Sie ausdr\u00fccklich, dass Sie diese AGB [&hellip;]<\/p>\n","protected":false},"author":1,"featured_media":0,"parent":0,"menu_order":0,"comment_status":"closed","ping_status":"closed","template":"","meta":{"_acf_changed":false,"footnotes":""},"class_list":["post-5031","page","type-page","status-publish","hentry"],"acf":[],"_links":{"self":[{"href":"https:\/\/smokebroker.ch\/fr\/wp-json\/wp\/v2\/pages\/5031","targetHints":{"allow":["GET"]}}],"collection":[{"href":"https:\/\/smokebroker.ch\/fr\/wp-json\/wp\/v2\/pages"}],"about":[{"href":"https:\/\/smokebroker.ch\/fr\/wp-json\/wp\/v2\/types\/page"}],"author":[{"embeddable":true,"href":"https:\/\/smokebroker.ch\/fr\/wp-json\/wp\/v2\/users\/1"}],"replies":[{"embeddable":true,"href":"https:\/\/smokebroker.ch\/fr\/wp-json\/wp\/v2\/comments?post=5031"}],"version-history":[{"count":5,"href":"https:\/\/smokebroker.ch\/fr\/wp-json\/wp\/v2\/pages\/5031\/revisions"}],"predecessor-version":[{"id":6001,"href":"https:\/\/smokebroker.ch\/fr\/wp-json\/wp\/v2\/pages\/5031\/revisions\/6001"}],"wp:attachment":[{"href":"https:\/\/smokebroker.ch\/fr\/wp-json\/wp\/v2\/media?parent=5031"}],"curies":[{"name":"wp","href":"https:\/\/api.w.org\/{rel}","templated":true}]}}