{"id":1268,"date":"2025-09-23T23:18:14","date_gmt":"2025-09-23T23:18:14","guid":{"rendered":"https:\/\/smokebroker.ch\/?page_id=1268"},"modified":"2025-12-08T14:08:23","modified_gmt":"2025-12-08T14:08:23","slug":"blog","status":"publish","type":"page","link":"https:\/\/smokebroker.ch\/fr\/blog\/","title":{"rendered":"Blog"},"content":{"rendered":"<div data-elementor-type=\"wp-page\" data-elementor-id=\"1268\" class=\"elementor elementor-1268\">\n\t\t\t\t<div class=\"elementor-element elementor-element-30fb9a5 e-flex e-con-boxed e-con e-parent\" data-id=\"30fb9a5\" data-element_type=\"container\" data-e-type=\"container\">\n\t\t\t\t\t<div class=\"e-con-inner\">\n\t\t\t\t<div class=\"elementor-element elementor-element-4d61e06 elementor-widget elementor-widget-heading\" data-id=\"4d61e06\" data-element_type=\"widget\" data-e-type=\"widget\" data-widget_type=\"heading.default\">\n\t\t\t\t\t<h2 class=\"elementor-heading-title elementor-size-default\">Blog<\/h2>\t\t\t\t<\/div>\n\t\t\t\t\t<\/div>\n\t\t\t\t<\/div>\n\t\t<div class=\"elementor-element elementor-element-6e19fa7 e-flex e-con-boxed e-con e-parent\" data-id=\"6e19fa7\" data-element_type=\"container\" data-e-type=\"container\">\n\t\t\t\t\t<div class=\"e-con-inner\">\n\t\t\t\t<div class=\"elementor-element elementor-element-761be36 elementor-widget elementor-widget-uael-posts\" data-id=\"761be36\" data-element_type=\"widget\" data-e-type=\"widget\" data-settings=\"{&quot;classic_slides_to_show&quot;:3,&quot;classic_slides_to_show_tablet&quot;:2,&quot;classic_slides_to_show_mobile&quot;:1,&quot;classic_show_filters&quot;:&quot;no&quot;}\" data-widget_type=\"uael-posts.classic\">\n\t\t\t\t<div class=\"elementor-widget-container\">\n\t\t\t\t\t\t\t<div class=\"uael-post__header\">\n\t\t\t\t\t<\/div>\n\t\t<div class=\"uael-post__body\">\n\t\t\t\n\t\t\n\t\t<div class=\"uael-blog-terms-position- uael-post-image-top uael-post-grid uael-posts\" data-query-type=\"custom\" data-structure=\"normal\" data-layout=\"\" data-page=\"1268\" data-skin=\"classic\" data-filter-default=\"\" data-offset-top=\"30\" >\n\n\t\t\t\t\t\t\t<div class=\"uael-post-grid__inner uael-post__columns-3 uael-post__columns-tablet-2 uael-post__columns-mobile-1 uael-post-infinite-scroll uael-post-infinite__event-scroll\">\n\t\t\t\n<div class=\"uael-post-wrapper   uncategorized\">\n\t<div class=\"uael-post__bg-wrap uael-bg-wrap-disabled\">\n\n\t\t\t\t\n\t\t<div class=\"uael-post__inner-wrap uael-inner-wrap-disabled\">\n\n\t\t\t\t<div class=\"uael-post__thumbnail\">\n\t\t\t\n\t\t\t<a href=\"https:\/\/smokebroker.ch\/fr\/vape-trend-2025-diese-e-zigaretten-sind-in-der-schweiz-besonders-beliebt\/\" target=\"_self\" title=\"Vape-Trend 2025: Diese E-Zigaretten sind in der Schweiz besonders beliebt\"><img fetchpriority=\"high\" decoding=\"async\" width=\"1280\" height=\"720\" src=\"https:\/\/smokebroker.ch\/wp-content\/uploads\/2025\/10\/New-Project-2.jpg\" class=\"attachment-full size-full wp-image-5728\" alt=\"\" srcset=\"https:\/\/smokebroker.ch\/wp-content\/uploads\/2025\/10\/New-Project-2.jpg 1280w, https:\/\/smokebroker.ch\/wp-content\/uploads\/2025\/10\/New-Project-2-300x169.jpg 300w, https:\/\/smokebroker.ch\/wp-content\/uploads\/2025\/10\/New-Project-2-1024x576.jpg 1024w, https:\/\/smokebroker.ch\/wp-content\/uploads\/2025\/10\/New-Project-2-768x432.jpg 768w, https:\/\/smokebroker.ch\/wp-content\/uploads\/2025\/10\/New-Project-2-18x10.jpg 18w, https:\/\/smokebroker.ch\/wp-content\/uploads\/2025\/10\/New-Project-2-600x338.jpg 600w, https:\/\/smokebroker.ch\/wp-content\/uploads\/2025\/10\/New-Project-2-64x36.jpg 64w\" sizes=\"(max-width: 1280px) 100vw, 1280px\" \/><\/a>\n\t\t\t\t\t<\/div>\n\t\t\n\t\t\t\n\t\t\t<div class=\"uael-post__content-wrap uael-content-wrap-disabled\">\n\t\t\t\t\t<h4 class=\"uael-post__title\">\n\n\t\t\n\t\t\t\t\t\t<a href=\"https:\/\/smokebroker.ch\/fr\/vape-trend-2025-diese-e-zigaretten-sind-in-der-schweiz-besonders-beliebt\/\" target=\"_self\">\n\t\t\t\tVape-Trend 2025: Diese E-Zigaretten sind in der Schweiz besonders beliebt\t\t\t<\/a>\n\n\t\t\t\t<\/h4>\n\t\t\t\t\t<div class=\"uael-post__meta-data\">\n\t\t\t\t\t<span class=\"uael-post__date\">\n\t\t\t\t\t\t\t\t\t\t\t\t\t\t\t\t\t\t\t\t\t\t\n\t\t\t17 novembre 2025\t\t<\/span>\n\t\t\t\t<\/div>\n\t\t\n\t\t<div class=\"uael-post__excerpt\">\n\t\t\tD'Elfbar \u00e0 VOZOL, un aper\u00e7u des tendances actuelles de la vape, des saveurs et des contraintes l\u00e9gales. La vape a le vent en poupe : la tendance se poursuit ...\t\t<\/div>\n\n\t\t\t\t\t<a class=\"uael-post__read-more elementor-button\" href=\"https:\/\/smokebroker.ch\/fr\/vape-trend-2025-diese-e-zigaretten-sind-in-der-schweiz-besonders-beliebt\/\" target=\"_self\" aria-labelledby=\"uael-post-3812\">\n\t\t\t\t\t<span class=\"elementor-button-content-wrapper\">\n\t\t\t\t\t\t\t\t\t\t\t\t\t\t<span class=\"elementor-button-icon elementor-align-icon-right\">\n\n\t\t\t\t\t\t\t\t\t<i aria-hidden=\"true\" class=\"icon icon-arrow-right\"><\/i>\n\t\t\t\t\t\t\t\t<\/span>\n\t\t\t\t\t\t\t\t\t\t\t\t\t\n\t\t\t\t\t\t<span class=\"elementor-button-text\" id=\"uael-post-3812\">En savoir plus<\/span>\n\t\t\t\t\t<\/span>\n\t\t\t\t<\/a>\n\t\t\t\t\t\t<\/div>\n\t\t\t\n\t\t<\/div>\n\t\t\n\t<\/div>\n\n<\/div>\n\n<div class=\"uael-post-wrapper   uncategorized\">\n\t<div class=\"uael-post__bg-wrap uael-bg-wrap-disabled\">\n\n\t\t\t\t\n\t\t<div class=\"uael-post__inner-wrap uael-inner-wrap-disabled\">\n\n\t\t\t\t<div class=\"uael-post__thumbnail\">\n\t\t\t\n\t\t\t<a href=\"https:\/\/smokebroker.ch\/fr\/nachhaltig-vapen-was-ist-beim-vapen-alles-zu-beachten\/\" target=\"_self\" title=\"Vaper de mani\u00e8re durable. \u00c0 quoi faut-il faire attention lorsqu&#039;on vapote ?\"><img fetchpriority=\"high\" decoding=\"async\" width=\"1280\" height=\"720\" src=\"https:\/\/smokebroker.ch\/wp-content\/uploads\/2025\/10\/New-Project-2.jpg\" class=\"attachment-full size-full wp-image-5728\" alt=\"\" srcset=\"https:\/\/smokebroker.ch\/wp-content\/uploads\/2025\/10\/New-Project-2.jpg 1280w, https:\/\/smokebroker.ch\/wp-content\/uploads\/2025\/10\/New-Project-2-300x169.jpg 300w, https:\/\/smokebroker.ch\/wp-content\/uploads\/2025\/10\/New-Project-2-1024x576.jpg 1024w, https:\/\/smokebroker.ch\/wp-content\/uploads\/2025\/10\/New-Project-2-768x432.jpg 768w, https:\/\/smokebroker.ch\/wp-content\/uploads\/2025\/10\/New-Project-2-18x10.jpg 18w, https:\/\/smokebroker.ch\/wp-content\/uploads\/2025\/10\/New-Project-2-600x338.jpg 600w, https:\/\/smokebroker.ch\/wp-content\/uploads\/2025\/10\/New-Project-2-64x36.jpg 64w\" sizes=\"(max-width: 1280px) 100vw, 1280px\" \/><\/a>\n\t\t\t\t\t<\/div>\n\t\t\n\t\t\t\n\t\t\t<div class=\"uael-post__content-wrap uael-content-wrap-disabled\">\n\t\t\t\t\t<h4 class=\"uael-post__title\">\n\n\t\t\n\t\t\t\t\t\t<a href=\"https:\/\/smokebroker.ch\/fr\/nachhaltig-vapen-was-ist-beim-vapen-alles-zu-beachten\/\" target=\"_self\">\n\t\t\t\tVaper de mani\u00e8re durable. \u00c0 quoi faut-il faire attention lorsqu'on vapote ?\t\t\t<\/a>\n\n\t\t\t\t<\/h4>\n\t\t\t\t\t<div class=\"uael-post__meta-data\">\n\t\t\t\t\t<span class=\"uael-post__date\">\n\t\t\t\t\t\t\t\t\t\t\t\t\t\t\t\t\t\t\t\t\t\t\n\t\t\t17 novembre 2025\t\t<\/span>\n\t\t\t\t<\/div>\n\t\t\n\t\t<div class=\"uael-post__excerpt\">\n\t\t\tLe vapotage est de plus en plus populaire, mais de nombreux consommateurs ne font aujourd'hui attention qu'au go\u00fbt. Nous te montrons ce \u00e0 quoi tu dois faire attention lorsque tu vapes. ...\t\t<\/div>\n\n\t\t\t\t\t<a class=\"uael-post__read-more elementor-button\" href=\"https:\/\/smokebroker.ch\/fr\/nachhaltig-vapen-was-ist-beim-vapen-alles-zu-beachten\/\" target=\"_self\" aria-labelledby=\"uael-post-5317\">\n\t\t\t\t\t<span class=\"elementor-button-content-wrapper\">\n\t\t\t\t\t\t\t\t\t\t\t\t\t\t<span class=\"elementor-button-icon elementor-align-icon-right\">\n\n\t\t\t\t\t\t\t\t\t<i aria-hidden=\"true\" class=\"icon icon-arrow-right\"><\/i>\n\t\t\t\t\t\t\t\t<\/span>\n\t\t\t\t\t\t\t\t\t\t\t\t\t\n\t\t\t\t\t\t<span class=\"elementor-button-text\" id=\"uael-post-5317\">En savoir plus<\/span>\n\t\t\t\t\t<\/span>\n\t\t\t\t<\/a>\n\t\t\t\t\t\t<\/div>\n\t\t\t\n\t\t<\/div>\n\t\t\n\t<\/div>\n\n<\/div>\n\n<div class=\"uael-post-wrapper   uncategorized\">\n\t<div class=\"uael-post__bg-wrap uael-bg-wrap-disabled\">\n\n\t\t\t\t\n\t\t<div class=\"uael-post__inner-wrap uael-inner-wrap-disabled\">\n\n\t\t\t\t<div class=\"uael-post__thumbnail\">\n\t\t\t\n\t\t\t<a href=\"https:\/\/smokebroker.ch\/fr\/test\/\" target=\"_self\" title=\"Feu vert pour l&#039;herbe. Le THC bient\u00f4t l\u00e9gal en Suisse ?\"><img fetchpriority=\"high\" decoding=\"async\" width=\"1280\" height=\"720\" src=\"https:\/\/smokebroker.ch\/wp-content\/uploads\/2025\/10\/New-Project-2.jpg\" class=\"attachment-full size-full wp-image-5728\" alt=\"\" srcset=\"https:\/\/smokebroker.ch\/wp-content\/uploads\/2025\/10\/New-Project-2.jpg 1280w, https:\/\/smokebroker.ch\/wp-content\/uploads\/2025\/10\/New-Project-2-300x169.jpg 300w, https:\/\/smokebroker.ch\/wp-content\/uploads\/2025\/10\/New-Project-2-1024x576.jpg 1024w, https:\/\/smokebroker.ch\/wp-content\/uploads\/2025\/10\/New-Project-2-768x432.jpg 768w, https:\/\/smokebroker.ch\/wp-content\/uploads\/2025\/10\/New-Project-2-18x10.jpg 18w, https:\/\/smokebroker.ch\/wp-content\/uploads\/2025\/10\/New-Project-2-600x338.jpg 600w, https:\/\/smokebroker.ch\/wp-content\/uploads\/2025\/10\/New-Project-2-64x36.jpg 64w\" sizes=\"(max-width: 1280px) 100vw, 1280px\" \/><\/a>\n\t\t\t\t\t<\/div>\n\t\t\n\t\t\t\n\t\t\t<div class=\"uael-post__content-wrap uael-content-wrap-disabled\">\n\t\t\t\t\t<h4 class=\"uael-post__title\">\n\n\t\t\n\t\t\t\t\t\t<a href=\"https:\/\/smokebroker.ch\/fr\/test\/\" target=\"_self\">\n\t\t\t\tFeu vert pour l'herbe. Le THC bient\u00f4t l\u00e9gal en Suisse ?\t\t\t<\/a>\n\n\t\t\t\t<\/h4>\n\t\t\t\t\t<div class=\"uael-post__meta-data\">\n\t\t\t\t\t<span class=\"uael-post__date\">\n\t\t\t\t\t\t\t\t\t\t\t\t\t\t\t\t\t\t\t\t\t\t\n\t\t\t10 octobre 2025\t\t<\/span>\n\t\t\t\t<\/div>\n\t\t\n\t\t<div class=\"uael-post__excerpt\">\n\t\t\tLa Suisse franchit la prochaine \u00e9tape vers la l\u00e9galisation du cannabis. R\u00e8gles strictes, protection de la jeunesse et nouvelles opportunit\u00e9s pour une politique responsable en mati\u00e8re de drogues. La Suisse sur ...\t\t<\/div>\n\n\t\t\t\t\t<a class=\"uael-post__read-more elementor-button\" href=\"https:\/\/smokebroker.ch\/fr\/test\/\" target=\"_self\" aria-labelledby=\"uael-post-3782\">\n\t\t\t\t\t<span class=\"elementor-button-content-wrapper\">\n\t\t\t\t\t\t\t\t\t\t\t\t\t\t<span class=\"elementor-button-icon elementor-align-icon-right\">\n\n\t\t\t\t\t\t\t\t\t<i aria-hidden=\"true\" class=\"icon icon-arrow-right\"><\/i>\n\t\t\t\t\t\t\t\t<\/span>\n\t\t\t\t\t\t\t\t\t\t\t\t\t\n\t\t\t\t\t\t<span class=\"elementor-button-text\" id=\"uael-post-3782\">En savoir plus<\/span>\n\t\t\t\t\t<\/span>\n\t\t\t\t<\/a>\n\t\t\t\t\t\t<\/div>\n\t\t\t\n\t\t<\/div>\n\t\t\n\t<\/div>\n\n<\/div>\n\t\t\t\t<\/div>\n\t\t\t\t\t\t<div class=\"uael-post-inf-loader\">\n\t\t\t\t<div class=\"uael-post-loader-1\"><\/div>\n\t\t\t\t<div class=\"uael-post-loader-2\"><\/div>\n\t\t\t\t<div class=\"uael-post-loader-3\"><\/div>\n\t\t\t<\/div>\n\t\t\t\t\t\t\n\t\t<\/div>\n\n\t\t\t\t\t\t<\/div>\n\t\t<div class=\"uael-post__footer\">\n\t\t\t\t\t<\/div>\n\t\t\t\t\t\t<\/div>\n\t\t\t\t<\/div>\n\t\t\t\t\t<\/div>\n\t\t\t\t<\/div>\n\t\t\t\t<\/div>","protected":false},"excerpt":{"rendered":"<p>Blog Vape-Trend 2025: Diese E-Zigaretten sind in der Schweiz besonders beliebt\u201c 17. November 2025 Von Elfbar bis VOZOL, ein \u00dcberblick \u00fcber aktuelle Vape-Trends, Geschmackssorten und rechtliche Vorgaben. Vapes im Aufwind: Der Trend setzt sich fort Die Beliebtheit von E-Zigaretten &#8230; Mehr lesen Nachhaltig Vapen. Was ist beim Vapen alles zu beachten? 17. November 2025 Vapen [&hellip;]<\/p>\n","protected":false},"author":1,"featured_media":0,"parent":0,"menu_order":0,"comment_status":"closed","ping_status":"closed","template":"elementor_header_footer","meta":{"_acf_changed":false,"footnotes":""},"class_list":["post-1268","page","type-page","status-publish","hentry"],"acf":[],"_links":{"self":[{"href":"https:\/\/smokebroker.ch\/fr\/wp-json\/wp\/v2\/pages\/1268","targetHints":{"allow":["GET"]}}],"collection":[{"href":"https:\/\/smokebroker.ch\/fr\/wp-json\/wp\/v2\/pages"}],"about":[{"href":"https:\/\/smokebroker.ch\/fr\/wp-json\/wp\/v2\/types\/page"}],"author":[{"embeddable":true,"href":"https:\/\/smokebroker.ch\/fr\/wp-json\/wp\/v2\/users\/1"}],"replies":[{"embeddable":true,"href":"https:\/\/smokebroker.ch\/fr\/wp-json\/wp\/v2\/comments?post=1268"}],"version-history":[{"count":5,"href":"https:\/\/smokebroker.ch\/fr\/wp-json\/wp\/v2\/pages\/1268\/revisions"}],"predecessor-version":[{"id":5779,"href":"https:\/\/smokebroker.ch\/fr\/wp-json\/wp\/v2\/pages\/1268\/revisions\/5779"}],"wp:attachment":[{"href":"https:\/\/smokebroker.ch\/fr\/wp-json\/wp\/v2\/media?parent=1268"}],"curies":[{"name":"wp","href":"https:\/\/api.w.org\/{rel}","templated":true}]}}