{"id":4935,"date":"2025-10-28T12:31:48","date_gmt":"2025-10-28T12:31:48","guid":{"rendered":"https:\/\/smokebroker.ch\/?page_id=4935"},"modified":"2025-11-05T11:44:07","modified_gmt":"2025-11-05T11:44:07","slug":"impressum","status":"publish","type":"page","link":"https:\/\/smokebroker.ch\/en\/impressum\/","title":{"rendered":"Legal notice"},"content":{"rendered":"<div style=\"height:32px\" aria-hidden=\"true\" class=\"wp-block-spacer\"><\/div>\n\n\n\n<p><strong>Verantwortlich f\u00fcr den Inhalt der Seiten<\/strong><\/p>\n\n\n\n<p>MMedics GmbH<br>H\u00f6fli 25<br>8555 M\u00fcllheim Dorf<\/p>\n\n\n\n<p>Tel: (+41) 044 431 22 00<br><a href=\"mailto:info@mmedics.ch\">info@mmedics.ch<\/a><\/p>\n\n\n\n<p>UID-Nr. CHE-388.935.167<\/p>\n\n\n\n<p><strong>Webdesign<\/strong><br>Diese Internetseite wurde von Vanessa Biber erstellt:&nbsp;<a href=\"https:\/\/www.vanessa-biber.ch\/\" target=\"_blank\" rel=\"noreferrer noopener\">https:\/\/www.vanessa-biber.ch\/<\/a><\/p>\n\n\n\n<p><strong>Disclaimer<\/strong><\/p>\n\n\n\n<p><strong>Copyright<\/strong><\/p>\n\n\n\n<p>Die auf dieser Website ver\u00f6ffentlichten Inhalte und Werke sind urheberrechtlich gesch\u00fctzt und liegen, sofern nicht anders gekennzeichnet, im Eigentum der MMedics GmbH. Jede Nutzung, Reproduktion, Bearbeitung, Verbreitung oder sonstige Verwertung der Inhalte bedarf der vorherigen schriftlichen Zustimmung der MMedics GmbH. Das Herunterladen oder Kopieren von Inhalten dieser Website ist nur f\u00fcr den privaten, nicht kommerziellen Gebrauch erlaubt, sofern nicht ausdr\u00fccklich anders vereinbart. <strong>Haftungsausschuss<\/strong><\/p>\n\n\n\n<p>Alle Texte und Links wurden sorgf\u00e4ltig gepr\u00fcft und werden laufend aktualisiert. Wir sind bem\u00fcht, richtige und vollst\u00e4ndige Informationen auf dieser Website bereitzustellen, \u00fcbernehmen aber keinerlei Verantwortung, Garantien oder Haftung daf\u00fcr, dass die durch diese Website bereitgestellten Informationen, einschliesslich jeglicher Datenbankeintr\u00e4ge, richtig, vollst\u00e4ndig oder aktuell sind. Wir behalten uns das Recht vor, jederzeit und ohne Vorank\u00fcndigung die Informationen auf dieser Website zu \u00e4ndern und verpflichten uns auch nicht, die enthaltenen Informationen zu aktualisieren. Alle Links zu externen Anbietern wurden zum Zeitpunkt ihrer Aufnahme auf ihre Richtigkeit \u00fcberpr\u00fcft. Dennoch haften wir nicht f\u00fcr Inhalte und Verf\u00fcgbarkeit von Websites, die mittels Hyperlinks zu erreichen sind. F\u00fcr illegale, fehlerhafte oder unvollst\u00e4ndige Inhalte und insbesondere f\u00fcr Sch\u00e4den, die durch die ungepr\u00fcfte Nutzung von Inhalten verkn\u00fcpfter Seiten entstehen, haftet allein der Anbieter der Seite, auf welche verwiesen wurde. Dabei ist es gleichg\u00fcltig, ob der Schaden materieller, indirekter oder immaterieller Natur ist oder ein sonstiger Schaden vorliegt, der sich aus Datenverlust, Nutzungsausfall oder anderen Gr\u00fcnden aller Art ergeben k\u00f6nnte. Ebenfalls keine Haftung \u00fcbernommen wird f\u00fcr Sch\u00e4den materieller oder immaterieller Art, die aus dem Zugriff oder der Nutzung bzw. Nichtnutzung der ver\u00f6ffentlichten Informationen, durch Missbrauch der Verbindung oder aufgrund technischer St\u00f6rungen entstehen.<\/p>\n\n\n\n<p><strong>Data protection<\/strong><\/p>\n\n\n\n<p>Gest\u00fctzt auf Artikel 13 der schweizerischen Bundesverfassung und die datenschutzrechtlichen Bestimmungen des Bundes (Datenschutzgesetz, DSG) hat jede Person Anspruch auf Schutz ihrer Privatsph\u00e4re sowie auf Schutz vor Missbrauch ihrer pers\u00f6nlichen Daten. Wir nehmen den Schutz personenbezogener Daten ernst und behandeln diese vertraulich sowie entsprechend den gesetzlichen Vorgaben. Pers\u00f6nliche Daten werden weder an Dritte verkauft noch unbefugt weitergegeben.<\/p>\n\n\n\n<p>In enger Zusammenarbeit mit unseren Hosting-Providern bem\u00fchen wir uns, die Datenbanken so gut wie m\u00f6glich vor fremden Zugriffen, Verlusten, Missbrauch oder vor F\u00e4lschung zu sch\u00fctzen. Zu diesem Zweck treffen wir angemessene technische und organisatorische Sicherheitsmassnahmen, um die gespeicherten Daten vor unberechtigtem Zugriff, Verlust, Missbrauch oder Manipulation zu sch\u00fctzen.<\/p>\n\n\n\n<p>Die Erhebung und Verarbeitung personenbezogener Daten durch den Anbieter ist ausf\u00fchrlich in der Datenschutzerkl\u00e4rung erl\u00e4utert.<\/p>\n\n\n\n<p>Die Datenschutzerkl\u00e4rung ist integrierter Bestandteil der AGB.<\/p>\n\n\n\n<p>It is available at the following link: <a href=\"https:\/\/smokebroker.ch\/en\/pages\/datenschutz\/\">https:\/\/smokebroker.ch\/pages\/datenschutz<\/a><\/p>","protected":false},"excerpt":{"rendered":"<p>Verantwortlich f\u00fcr den Inhalt der Seiten MMedics GmbHH\u00f6fli 258555 M\u00fcllheim Dorf Tel: (+41) 044 431 22 00info@mmedics.ch UID-Nr. CHE-388.935.167 WebdesignDiese Internetseite wurde von Vanessa Biber erstellt:&nbsp;https:\/\/www.vanessa-biber.ch\/ Disclaimer Copyright Die auf dieser Website ver\u00f6ffentlichten Inhalte und Werke sind urheberrechtlich gesch\u00fctzt und liegen, sofern nicht anders gekennzeichnet, im Eigentum der MMedics GmbH. Jede Nutzung, Reproduktion, Bearbeitung, Verbreitung [&hellip;]<\/p>\n","protected":false},"author":1,"featured_media":0,"parent":0,"menu_order":0,"comment_status":"closed","ping_status":"closed","template":"","meta":{"_acf_changed":false,"footnotes":""},"class_list":["post-4935","page","type-page","status-publish","hentry"],"acf":[],"_links":{"self":[{"href":"https:\/\/smokebroker.ch\/en\/wp-json\/wp\/v2\/pages\/4935","targetHints":{"allow":["GET"]}}],"collection":[{"href":"https:\/\/smokebroker.ch\/en\/wp-json\/wp\/v2\/pages"}],"about":[{"href":"https:\/\/smokebroker.ch\/en\/wp-json\/wp\/v2\/types\/page"}],"author":[{"embeddable":true,"href":"https:\/\/smokebroker.ch\/en\/wp-json\/wp\/v2\/users\/1"}],"replies":[{"embeddable":true,"href":"https:\/\/smokebroker.ch\/en\/wp-json\/wp\/v2\/comments?post=4935"}],"version-history":[{"count":11,"href":"https:\/\/smokebroker.ch\/en\/wp-json\/wp\/v2\/pages\/4935\/revisions"}],"predecessor-version":[{"id":5195,"href":"https:\/\/smokebroker.ch\/en\/wp-json\/wp\/v2\/pages\/4935\/revisions\/5195"}],"wp:attachment":[{"href":"https:\/\/smokebroker.ch\/en\/wp-json\/wp\/v2\/media?parent=4935"}],"curies":[{"name":"wp","href":"https:\/\/api.w.org\/{rel}","templated":true}]}}